{"id":18274,"date":"2022-03-25T15:14:34","date_gmt":"2022-03-25T15:14:34","guid":{"rendered":"https:\/\/www.latincoinexchange.com\/?page_id=18274"},"modified":"2024-12-31T10:12:49","modified_gmt":"2024-12-31T16:12:49","slug":"contacto","status":"publish","type":"page","link":"https:\/\/www.latincoinexchange.com\/es\/contacto\/","title":{"rendered":"Contacto"},"content":{"rendered":"\t\t<div data-elementor-type=\"wp-page\" data-elementor-id=\"18274\" class=\"elementor elementor-18274\">\n\t\t\t\t\t\t<section class=\"elementor-section elementor-top-section elementor-element elementor-element-ae7db1a elementor-section-boxed elementor-section-height-default elementor-section-height-default\" data-id=\"ae7db1a\" data-element_type=\"section\" data-settings=\"{&quot;background_background&quot;:&quot;classic&quot;}\">\n\t\t\t\t\t\t\t<div class=\"elementor-background-overlay\"><\/div>\n\t\t\t\t\t\t\t<div class=\"elementor-container elementor-column-gap-default\">\n\t\t\t\t\t<div class=\"elementor-column elementor-col-100 elementor-top-column elementor-element elementor-element-2004139\" data-id=\"2004139\" data-element_type=\"column\">\n\t\t\t<div class=\"elementor-widget-wrap elementor-element-populated\">\n\t\t\t\t\t\t<section class=\"elementor-section elementor-inner-section elementor-element elementor-element-1991086 elementor-section-boxed elementor-section-height-default elementor-section-height-default\" data-id=\"1991086\" data-element_type=\"section\">\n\t\t\t\t\t\t<div class=\"elementor-container elementor-column-gap-no\">\n\t\t\t\t\t<div class=\"elementor-column elementor-col-100 elementor-inner-column elementor-element elementor-element-ea9110d\" data-id=\"ea9110d\" data-element_type=\"column\">\n\t\t\t<div class=\"elementor-widget-wrap elementor-element-populated\">\n\t\t\t\t\t\t<div class=\"elementor-element elementor-element-f52611f elementor-widget elementor-widget-text-editor\" data-id=\"f52611f\" data-element_type=\"widget\" data-widget_type=\"text-editor.default\">\n\t\t\t\t<div class=\"elementor-widget-container\">\n\t\t\t\t\t\t\t\t\t<p>Ponte en contacto con nosotros<\/p>\t\t\t\t\t\t\t\t<\/div>\n\t\t\t\t<\/div>\n\t\t\t\t<div class=\"elementor-element elementor-element-7f9704d elementor-widget-mobile__width-initial elementor-widget elementor-widget-text-editor\" data-id=\"7f9704d\" data-element_type=\"widget\" data-widget_type=\"text-editor.default\">\n\t\t\t\t<div class=\"elementor-widget-container\">\n\t\t\t\t\t\t\t\t\t<h1>Contacto<\/h1>\t\t\t\t\t\t\t\t<\/div>\n\t\t\t\t<\/div>\n\t\t\t\t\t<\/div>\n\t\t<\/div>\n\t\t\t\t\t<\/div>\n\t\t<\/section>\n\t\t\t\t<section class=\"elementor-section elementor-inner-section elementor-element elementor-element-d2d854b elementor-section-boxed elementor-section-height-default elementor-section-height-default\" data-id=\"d2d854b\" data-element_type=\"section\">\n\t\t\t\t\t\t<div class=\"elementor-container elementor-column-gap-default\">\n\t\t\t\t\t<div class=\"elementor-column elementor-col-50 elementor-inner-column elementor-element elementor-element-8a40fbc\" data-id=\"8a40fbc\" data-element_type=\"column\">\n\t\t\t<div class=\"elementor-widget-wrap elementor-element-populated\">\n\t\t\t\t\t\t<section class=\"elementor-section elementor-inner-section elementor-element elementor-element-b064add elementor-section-boxed elementor-section-height-default elementor-section-height-default\" data-id=\"b064add\" data-element_type=\"section\" data-settings=\"{&quot;background_background&quot;:&quot;classic&quot;}\">\n\t\t\t\t\t\t<div class=\"elementor-container elementor-column-gap-default\">\n\t\t\t\t\t<div class=\"elementor-column elementor-col-100 elementor-inner-column elementor-element elementor-element-6b594d5\" data-id=\"6b594d5\" data-element_type=\"column\">\n\t\t\t<div class=\"elementor-widget-wrap elementor-element-populated\">\n\t\t\t\t\t\t<div class=\"elementor-element elementor-element-d3bbbca elementor-widget elementor-widget-heading\" data-id=\"d3bbbca\" data-element_type=\"widget\" data-widget_type=\"heading.default\">\n\t\t\t\t<div class=\"elementor-widget-container\">\n\t\t\t\t\t<h2 class=\"elementor-heading-title elementor-size-default\">Horario de Atenci\u00f3n<\/h2>\t\t\t\t<\/div>\n\t\t\t\t<\/div>\n\t\t\t\t<div class=\"elementor-element elementor-element-b2786ea elementor-widget elementor-widget-text-editor\" data-id=\"b2786ea\" data-element_type=\"widget\" data-widget_type=\"text-editor.default\">\n\t\t\t\t<div class=\"elementor-widget-container\">\n\t\t\t\t\t\t\t\t\t<p><strong>Lunes:<\/strong> 9:00 \u2013 16:00<\/p><p><strong>Martes:<\/strong> 9:00 \u2013 16:00<\/p><p><strong>Mi\u00e9rcoles:<\/strong> 9:00 \u2013 16:00<\/p><p><strong>Jueves:<\/strong> 9:00 \u2013 16:00<\/p><p><strong>Viernes:<\/strong> 9:00 \u2013 16:00<\/p><p><strong>S\u00e1bado:<\/strong> Cerrado<\/p><p><strong>Domingo:<\/strong> Cerrado<\/p>\t\t\t\t\t\t\t\t<\/div>\n\t\t\t\t<\/div>\n\t\t\t\t<div class=\"elementor-element elementor-element-901b0e9 elementor-widget elementor-widget-text-editor\" data-id=\"901b0e9\" data-element_type=\"widget\" data-widget_type=\"text-editor.default\">\n\t\t\t\t<div class=\"elementor-widget-container\">\n\t\t\t\t\t\t\t\t\t<p><strong>Hora Costa Rica<\/strong><\/p>\t\t\t\t\t\t\t\t<\/div>\n\t\t\t\t<\/div>\n\t\t\t\t\t<\/div>\n\t\t<\/div>\n\t\t\t\t\t<\/div>\n\t\t<\/section>\n\t\t\t\t\t<\/div>\n\t\t<\/div>\n\t\t\t\t<div class=\"elementor-column elementor-col-50 elementor-inner-column elementor-element elementor-element-1f23048 wpcf7-dark\" data-id=\"1f23048\" data-element_type=\"column\" data-settings=\"{&quot;background_background&quot;:&quot;classic&quot;}\">\n\t\t\t<div class=\"elementor-widget-wrap elementor-element-populated\">\n\t\t\t\t\t\t<section class=\"elementor-section elementor-inner-section elementor-element elementor-element-0f51e68 elementor-section-boxed elementor-section-height-default elementor-section-height-default\" data-id=\"0f51e68\" data-element_type=\"section\" data-settings=\"{&quot;background_background&quot;:&quot;classic&quot;}\">\n\t\t\t\t\t\t<div class=\"elementor-container elementor-column-gap-default\">\n\t\t\t\t\t<div class=\"elementor-column elementor-col-100 elementor-inner-column elementor-element elementor-element-53c7798\" data-id=\"53c7798\" data-element_type=\"column\">\n\t\t\t<div class=\"elementor-widget-wrap elementor-element-populated\">\n\t\t\t\t\t\t<div class=\"elementor-element elementor-element-a0f3ad2 elementor-widget elementor-widget-heading\" data-id=\"a0f3ad2\" data-element_type=\"widget\" data-widget_type=\"heading.default\">\n\t\t\t\t<div class=\"elementor-widget-container\">\n\t\t\t\t\t<h2 class=\"elementor-heading-title elementor-size-default\">Env\u00edanos un mensaje<\/h2>\t\t\t\t<\/div>\n\t\t\t\t<\/div>\n\t\t\t\t<div class=\"elementor-element elementor-element-084ceca elementor-widget elementor-widget-shortcode\" data-id=\"084ceca\" data-element_type=\"widget\" data-widget_type=\"shortcode.default\">\n\t\t\t\t<div class=\"elementor-widget-container\">\n\t\t\t\t\t\t\t<div class=\"elementor-shortcode\">\n<div class=\"wpcf7 no-js\" id=\"wpcf7-f18-o1\" lang=\"en-US\" dir=\"ltr\" data-wpcf7-id=\"18\">\n<div class=\"screen-reader-response\"><p role=\"status\" aria-live=\"polite\" aria-atomic=\"true\"><\/p> <ul><\/ul><\/div>\n<form action=\"\/es\/wp-json\/wp\/v2\/pages\/18274#wpcf7-f18-o1\" method=\"post\" class=\"wpcf7-form init\" aria-label=\"Contact form\" novalidate=\"novalidate\" data-status=\"init\">\n<fieldset class=\"hidden-fields-container\"><input type=\"hidden\" name=\"_wpcf7\" value=\"18\" \/><input type=\"hidden\" name=\"_wpcf7_version\" value=\"6.1.3\" \/><input type=\"hidden\" name=\"_wpcf7_locale\" value=\"en_US\" \/><input type=\"hidden\" name=\"_wpcf7_unit_tag\" value=\"wpcf7-f18-o1\" \/><input type=\"hidden\" name=\"_wpcf7_container_post\" value=\"0\" \/><input type=\"hidden\" name=\"_wpcf7_posted_data_hash\" value=\"\" \/><input type=\"hidden\" name=\"_wpcf7_recaptcha_response\" value=\"\" \/>\n<\/fieldset>\n<p><label> Nombre<br \/>\n<span class=\"wpcf7-form-control-wrap\" data-name=\"your-name\"><input size=\"40\" maxlength=\"400\" class=\"wpcf7-form-control wpcf7-text wpcf7-validates-as-required\" aria-required=\"true\" aria-invalid=\"false\" value=\"\" type=\"text\" name=\"your-name\" \/><\/span> <\/label>\n<\/p>\n<p><label> E-mail<br \/>\n<span class=\"wpcf7-form-control-wrap\" data-name=\"your-email\"><input size=\"40\" maxlength=\"400\" class=\"wpcf7-form-control wpcf7-email wpcf7-validates-as-required wpcf7-text wpcf7-validates-as-email\" aria-required=\"true\" aria-invalid=\"false\" value=\"\" type=\"email\" name=\"your-email\" \/><\/span> <\/label>\n<\/p>\n<p><label> Mensaje<br \/>\n<span class=\"wpcf7-form-control-wrap\" data-name=\"your-message\"><textarea cols=\"40\" rows=\"10\" maxlength=\"2000\" class=\"wpcf7-form-control wpcf7-textarea\" aria-invalid=\"false\" name=\"your-message\"><\/textarea><\/span> <\/label>\n<\/p>\n<p><input class=\"wpcf7-form-control wpcf7-submit has-spinner\" type=\"submit\" value=\"Enviar\" \/>\n<\/p><div class=\"wpcf7-response-output\" aria-hidden=\"true\"><\/div>\n<\/form>\n<\/div>\n<\/div>\n\t\t\t\t\t\t<\/div>\n\t\t\t\t<\/div>\n\t\t\t\t\t<\/div>\n\t\t<\/div>\n\t\t\t\t\t<\/div>\n\t\t<\/section>\n\t\t\t\t\t<\/div>\n\t\t<\/div>\n\t\t\t\t\t<\/div>\n\t\t<\/section>\n\t\t\t\t\t<\/div>\n\t\t<\/div>\n\t\t\t\t\t<\/div>\n\t\t<\/section>\n\t\t\t\t<section class=\"elementor-section elementor-top-section elementor-element elementor-element-181976c elementor-section-boxed elementor-section-height-default elementor-section-height-default\" data-id=\"181976c\" data-element_type=\"section\" data-settings=\"{&quot;background_background&quot;:&quot;classic&quot;}\">\n\t\t\t\t\t\t\t<div class=\"elementor-background-overlay\"><\/div>\n\t\t\t\t\t\t\t<div class=\"elementor-container elementor-column-gap-default\">\n\t\t\t\t\t<div class=\"elementor-column elementor-col-100 elementor-top-column elementor-element elementor-element-f961917\" data-id=\"f961917\" data-element_type=\"column\">\n\t\t\t<div class=\"elementor-widget-wrap elementor-element-populated\">\n\t\t\t\t\t\t<section class=\"elementor-section elementor-inner-section elementor-element elementor-element-bf69cae elementor-section-boxed elementor-section-height-default elementor-section-height-default\" data-id=\"bf69cae\" data-element_type=\"section\">\n\t\t\t\t\t\t<div class=\"elementor-container elementor-column-gap-no\">\n\t\t\t\t\t<div class=\"elementor-column elementor-col-100 elementor-inner-column elementor-element elementor-element-6e60385\" data-id=\"6e60385\" data-element_type=\"column\">\n\t\t\t<div class=\"elementor-widget-wrap elementor-element-populated\">\n\t\t\t\t\t\t<div class=\"elementor-element elementor-element-6d0755d elementor-widget elementor-widget-text-editor\" data-id=\"6d0755d\" data-element_type=\"widget\" data-widget_type=\"text-editor.default\">\n\t\t\t\t<div class=\"elementor-widget-container\">\n\t\t\t\t\t\t\t\t\t<h2>Nuestra misi\u00f3n<\/h2>\t\t\t\t\t\t\t\t<\/div>\n\t\t\t\t<\/div>\n\t\t\t\t<div class=\"elementor-element elementor-element-4f06ae1 elementor-widget elementor-widget-text-editor\" data-id=\"4f06ae1\" data-element_type=\"widget\" data-widget_type=\"text-editor.default\">\n\t\t\t\t<div class=\"elementor-widget-container\">\n\t\t\t\t\t\t\t\t\t<p>Empoderar a Am\u00e9rica Latina mediante un acceso simple, r\u00e1pido y seguro al intercambio de criptomonedas, promoviendo la inclusi\u00f3n financiera y conectando a las personas con el futuro de la econom\u00eda digital.<\/p>\t\t\t\t\t\t\t\t<\/div>\n\t\t\t\t<\/div>\n\t\t\t\t<div class=\"elementor-element elementor-element-be8d7b4 elementor-widget elementor-widget-html\" data-id=\"be8d7b4\" data-element_type=\"widget\" data-widget_type=\"html.default\">\n\t\t\t\t<div class=\"elementor-widget-container\">\n\t\t\t\t\t<style>\n.wpcf7-dark .wpcf7-form input {\n    background: #313743;\n    border: 1px solid #313743;\n    color: #ffffff;\n}\n\n.wpcf7-dark textarea {\n    background: #313743;\n    border: 1px solid #313743;\n    color: #ffffff;\n}\n\n.wpcf7-dark label {\n        color: #8d8e92;\n}\n\n.wpcf7-dark input.wpcf7-submit {\n    background: #37ba91;\n    border: 1px solid #38b991;\n    box-shadow: unset;\n    color: #fff;\n}\n\n.wpcf7 form.invalid .wpcf7-response-output, .wpcf7 form.unaccepted .wpcf7-response-output, .wpcf7 form.sent .wpcf7-response-output {\n    background: #38b99112;\n}\n<\/style>\t\t\t\t<\/div>\n\t\t\t\t<\/div>\n\t\t\t\t\t<\/div>\n\t\t<\/div>\n\t\t\t\t\t<\/div>\n\t\t<\/section>\n\t\t\t\t\t<\/div>\n\t\t<\/div>\n\t\t\t\t\t<\/div>\n\t\t<\/section>\n\t\t\t\t<\/div>\n\t\t","protected":false},"excerpt":{"rendered":"<p>Ponte en contacto con nosotros Contacto Horario de Atenci\u00f3n Lunes: 9:00 \u2013 16:00 Martes: 9:00 \u2013 16:00 Mi\u00e9rcoles: 9:00 \u2013 16:00 Jueves: 9:00 \u2013 16:00 Viernes: 9:00 \u2013 16:00 S\u00e1bado: Cerrado Domingo: Cerrado Hora Costa Rica Env\u00edanos un mensaje Nuestra misi\u00f3n Empoderar a Am\u00e9rica Latina mediante un acceso simple, r\u00e1pido y seguro al intercambio de [&hellip;]<\/p>\n","protected":false},"author":1,"featured_media":24718,"parent":0,"menu_order":0,"comment_status":"closed","ping_status":"closed","template":"","meta":{"sfsi_plus_gutenberg_text_before_share":"","sfsi_plus_gutenberg_show_text_before_share":"","sfsi_plus_gutenberg_icon_type":"","sfsi_plus_gutenberg_icon_alignemt":"","sfsi_plus_gutenburg_max_per_row":"","footnotes":""},"class_list":["post-18274","page","type-page","status-publish","has-post-thumbnail","hentry"],"yoast_head":"<!-- This site is optimized with the Yoast SEO plugin v26.4 - https:\/\/yoast.com\/wordpress\/plugins\/seo\/ -->\n<title>Contacto - LatinCoin Exchange: Soporte en Criptomonedas para Am\u00e9rica Latina<\/title>\n<meta name=\"description\" content=\"Ponte en contacto con LatinCoin Exchange para resolver tus dudas sobre el intercambio de criptomonedas en Am\u00e9rica Latina.\" \/>\n<meta name=\"robots\" content=\"index, follow, max-snippet:-1, max-image-preview:large, max-video-preview:-1\" \/>\n<link rel=\"canonical\" href=\"https:\/\/www.latincoinexchange.com\/es\/contacto\/\" \/>\n<meta property=\"og:locale\" content=\"es_ES\" \/>\n<meta property=\"og:type\" content=\"article\" \/>\n<meta property=\"og:title\" content=\"Contacto - LatinCoin Exchange: Soporte en Criptomonedas para Am\u00e9rica Latina\" \/>\n<meta property=\"og:description\" content=\"Ponte en contacto con LatinCoin Exchange para resolver tus dudas sobre el intercambio de criptomonedas en Am\u00e9rica Latina.\" \/>\n<meta property=\"og:url\" content=\"https:\/\/www.latincoinexchange.com\/es\/contacto\/\" \/>\n<meta property=\"og:site_name\" content=\"LatinCoin Exchange\" \/>\n<meta property=\"article:modified_time\" content=\"2024-12-31T16:12:49+00:00\" \/>\n<meta property=\"og:image\" content=\"https:\/\/www.latincoinexchange.com\/wp-content\/uploads\/2024\/12\/e8789365-1a99-4f1e-a8f8-59630f0082f0.webp\" \/>\n\t<meta property=\"og:image:width\" content=\"1792\" \/>\n\t<meta property=\"og:image:height\" content=\"1024\" \/>\n\t<meta property=\"og:image:type\" content=\"image\/webp\" \/>\n<meta name=\"twitter:card\" content=\"summary_large_image\" \/>\n<meta name=\"twitter:label1\" content=\"Tiempo de lectura\" \/>\n\t<meta name=\"twitter:data1\" content=\"1 minuto\" \/>\n<script type=\"application\/ld+json\" class=\"yoast-schema-graph\">{\"@context\":\"https:\/\/schema.org\",\"@graph\":[{\"@type\":\"WebPage\",\"@id\":\"https:\/\/www.latincoinexchange.com\/es\/contacto\/\",\"url\":\"https:\/\/www.latincoinexchange.com\/es\/contacto\/\",\"name\":\"Contacto - LatinCoin Exchange: Soporte en Criptomonedas para Am\u00e9rica Latina\",\"isPartOf\":{\"@id\":\"https:\/\/www.latincoinexchange.com\/#website\"},\"primaryImageOfPage\":{\"@id\":\"https:\/\/www.latincoinexchange.com\/es\/contacto\/#primaryimage\"},\"image\":{\"@id\":\"https:\/\/www.latincoinexchange.com\/es\/contacto\/#primaryimage\"},\"thumbnailUrl\":\"https:\/\/www.latincoinexchange.com\/wp-content\/uploads\/2024\/12\/e8789365-1a99-4f1e-a8f8-59630f0082f0.webp\",\"datePublished\":\"2022-03-25T15:14:34+00:00\",\"dateModified\":\"2024-12-31T16:12:49+00:00\",\"description\":\"Ponte en contacto con LatinCoin Exchange para resolver tus dudas sobre el intercambio de criptomonedas en Am\u00e9rica Latina.\",\"breadcrumb\":{\"@id\":\"https:\/\/www.latincoinexchange.com\/es\/contacto\/#breadcrumb\"},\"inLanguage\":\"es\",\"potentialAction\":[{\"@type\":\"ReadAction\",\"target\":[\"https:\/\/www.latincoinexchange.com\/es\/contacto\/\"]}]},{\"@type\":\"ImageObject\",\"inLanguage\":\"es\",\"@id\":\"https:\/\/www.latincoinexchange.com\/es\/contacto\/#primaryimage\",\"url\":\"https:\/\/www.latincoinexchange.com\/wp-content\/uploads\/2024\/12\/e8789365-1a99-4f1e-a8f8-59630f0082f0.webp\",\"contentUrl\":\"https:\/\/www.latincoinexchange.com\/wp-content\/uploads\/2024\/12\/e8789365-1a99-4f1e-a8f8-59630f0082f0.webp\",\"width\":1792,\"height\":1024,\"caption\":\"Contacto - LatinCoin Exchange\"},{\"@type\":\"BreadcrumbList\",\"@id\":\"https:\/\/www.latincoinexchange.com\/es\/contacto\/#breadcrumb\",\"itemListElement\":[{\"@type\":\"ListItem\",\"position\":1,\"name\":\"Portada\",\"item\":\"https:\/\/www.latincoinexchange.com\/es\/\"},{\"@type\":\"ListItem\",\"position\":2,\"name\":\"Contacto\"}]},{\"@type\":\"WebSite\",\"@id\":\"https:\/\/www.latincoinexchange.com\/#website\",\"url\":\"https:\/\/www.latincoinexchange.com\/\",\"name\":\"LatinCoin Exchange\",\"description\":\"\",\"publisher\":{\"@id\":\"https:\/\/www.latincoinexchange.com\/#organization\"},\"potentialAction\":[{\"@type\":\"SearchAction\",\"target\":{\"@type\":\"EntryPoint\",\"urlTemplate\":\"https:\/\/www.latincoinexchange.com\/?s={search_term_string}\"},\"query-input\":{\"@type\":\"PropertyValueSpecification\",\"valueRequired\":true,\"valueName\":\"search_term_string\"}}],\"inLanguage\":\"es\"},{\"@type\":\"Organization\",\"@id\":\"https:\/\/www.latincoinexchange.com\/#organization\",\"name\":\"LatinCoin Exchange\",\"url\":\"https:\/\/www.latincoinexchange.com\/\",\"logo\":{\"@type\":\"ImageObject\",\"inLanguage\":\"es\",\"@id\":\"https:\/\/www.latincoinexchange.com\/#\/schema\/logo\/image\/\",\"url\":\"https:\/\/www.latincoinexchange.com\/wp-content\/uploads\/2024\/12\/logo-latincoin-e1734983216974.png\",\"contentUrl\":\"https:\/\/www.latincoinexchange.com\/wp-content\/uploads\/2024\/12\/logo-latincoin-e1734983216974.png\",\"width\":2200,\"height\":706,\"caption\":\"LatinCoin Exchange\"},\"image\":{\"@id\":\"https:\/\/www.latincoinexchange.com\/#\/schema\/logo\/image\/\"}}]}<\/script>\n<!-- \/ Yoast SEO plugin. -->","yoast_head_json":{"title":"Contacto - LatinCoin Exchange: Soporte en Criptomonedas para Am\u00e9rica Latina","description":"Ponte en contacto con LatinCoin Exchange para resolver tus dudas sobre el intercambio de criptomonedas en Am\u00e9rica Latina.","robots":{"index":"index","follow":"follow","max-snippet":"max-snippet:-1","max-image-preview":"max-image-preview:large","max-video-preview":"max-video-preview:-1"},"canonical":"https:\/\/www.latincoinexchange.com\/es\/contacto\/","og_locale":"es_ES","og_type":"article","og_title":"Contacto - LatinCoin Exchange: Soporte en Criptomonedas para Am\u00e9rica Latina","og_description":"Ponte en contacto con LatinCoin Exchange para resolver tus dudas sobre el intercambio de criptomonedas en Am\u00e9rica Latina.","og_url":"https:\/\/www.latincoinexchange.com\/es\/contacto\/","og_site_name":"LatinCoin Exchange","article_modified_time":"2024-12-31T16:12:49+00:00","og_image":[{"width":1792,"height":1024,"url":"https:\/\/www.latincoinexchange.com\/wp-content\/uploads\/2024\/12\/e8789365-1a99-4f1e-a8f8-59630f0082f0.webp","type":"image\/webp"}],"twitter_card":"summary_large_image","twitter_misc":{"Tiempo de lectura":"1 minuto"},"schema":{"@context":"https:\/\/schema.org","@graph":[{"@type":"WebPage","@id":"https:\/\/www.latincoinexchange.com\/es\/contacto\/","url":"https:\/\/www.latincoinexchange.com\/es\/contacto\/","name":"Contacto - LatinCoin Exchange: Soporte en Criptomonedas para Am\u00e9rica Latina","isPartOf":{"@id":"https:\/\/www.latincoinexchange.com\/#website"},"primaryImageOfPage":{"@id":"https:\/\/www.latincoinexchange.com\/es\/contacto\/#primaryimage"},"image":{"@id":"https:\/\/www.latincoinexchange.com\/es\/contacto\/#primaryimage"},"thumbnailUrl":"https:\/\/www.latincoinexchange.com\/wp-content\/uploads\/2024\/12\/e8789365-1a99-4f1e-a8f8-59630f0082f0.webp","datePublished":"2022-03-25T15:14:34+00:00","dateModified":"2024-12-31T16:12:49+00:00","description":"Ponte en contacto con LatinCoin Exchange para resolver tus dudas sobre el intercambio de criptomonedas en Am\u00e9rica Latina.","breadcrumb":{"@id":"https:\/\/www.latincoinexchange.com\/es\/contacto\/#breadcrumb"},"inLanguage":"es","potentialAction":[{"@type":"ReadAction","target":["https:\/\/www.latincoinexchange.com\/es\/contacto\/"]}]},{"@type":"ImageObject","inLanguage":"es","@id":"https:\/\/www.latincoinexchange.com\/es\/contacto\/#primaryimage","url":"https:\/\/www.latincoinexchange.com\/wp-content\/uploads\/2024\/12\/e8789365-1a99-4f1e-a8f8-59630f0082f0.webp","contentUrl":"https:\/\/www.latincoinexchange.com\/wp-content\/uploads\/2024\/12\/e8789365-1a99-4f1e-a8f8-59630f0082f0.webp","width":1792,"height":1024,"caption":"Contacto - LatinCoin Exchange"},{"@type":"BreadcrumbList","@id":"https:\/\/www.latincoinexchange.com\/es\/contacto\/#breadcrumb","itemListElement":[{"@type":"ListItem","position":1,"name":"Portada","item":"https:\/\/www.latincoinexchange.com\/es\/"},{"@type":"ListItem","position":2,"name":"Contacto"}]},{"@type":"WebSite","@id":"https:\/\/www.latincoinexchange.com\/#website","url":"https:\/\/www.latincoinexchange.com\/","name":"LatinCoin Exchange","description":"","publisher":{"@id":"https:\/\/www.latincoinexchange.com\/#organization"},"potentialAction":[{"@type":"SearchAction","target":{"@type":"EntryPoint","urlTemplate":"https:\/\/www.latincoinexchange.com\/?s={search_term_string}"},"query-input":{"@type":"PropertyValueSpecification","valueRequired":true,"valueName":"search_term_string"}}],"inLanguage":"es"},{"@type":"Organization","@id":"https:\/\/www.latincoinexchange.com\/#organization","name":"LatinCoin Exchange","url":"https:\/\/www.latincoinexchange.com\/","logo":{"@type":"ImageObject","inLanguage":"es","@id":"https:\/\/www.latincoinexchange.com\/#\/schema\/logo\/image\/","url":"https:\/\/www.latincoinexchange.com\/wp-content\/uploads\/2024\/12\/logo-latincoin-e1734983216974.png","contentUrl":"https:\/\/www.latincoinexchange.com\/wp-content\/uploads\/2024\/12\/logo-latincoin-e1734983216974.png","width":2200,"height":706,"caption":"LatinCoin Exchange"},"image":{"@id":"https:\/\/www.latincoinexchange.com\/#\/schema\/logo\/image\/"}}]}},"_links":{"self":[{"href":"https:\/\/www.latincoinexchange.com\/es\/wp-json\/wp\/v2\/pages\/18274","targetHints":{"allow":["GET"]}}],"collection":[{"href":"https:\/\/www.latincoinexchange.com\/es\/wp-json\/wp\/v2\/pages"}],"about":[{"href":"https:\/\/www.latincoinexchange.com\/es\/wp-json\/wp\/v2\/types\/page"}],"author":[{"embeddable":true,"href":"https:\/\/www.latincoinexchange.com\/es\/wp-json\/wp\/v2\/users\/1"}],"replies":[{"embeddable":true,"href":"https:\/\/www.latincoinexchange.com\/es\/wp-json\/wp\/v2\/comments?post=18274"}],"version-history":[{"count":24,"href":"https:\/\/www.latincoinexchange.com\/es\/wp-json\/wp\/v2\/pages\/18274\/revisions"}],"predecessor-version":[{"id":24740,"href":"https:\/\/www.latincoinexchange.com\/es\/wp-json\/wp\/v2\/pages\/18274\/revisions\/24740"}],"wp:featuredmedia":[{"embeddable":true,"href":"https:\/\/www.latincoinexchange.com\/es\/wp-json\/wp\/v2\/media\/24718"}],"wp:attachment":[{"href":"https:\/\/www.latincoinexchange.com\/es\/wp-json\/wp\/v2\/media?parent=18274"}],"curies":[{"name":"wp","href":"https:\/\/api.w.org\/{rel}","templated":true}]}}