{"id":18272,"date":"2022-03-25T15:13:57","date_gmt":"2022-03-25T15:13:57","guid":{"rendered":"https:\/\/www.latincoinexchange.com\/?page_id=18272"},"modified":"2024-12-31T10:29:30","modified_gmt":"2024-12-31T16:29:30","slug":"sobre-nosotros","status":"publish","type":"page","link":"https:\/\/www.latincoinexchange.com\/en\/sobre-nosotros\/","title":{"rendered":"About Us"},"content":{"rendered":"<div data-elementor-type=\"wp-page\" data-elementor-id=\"18272\" class=\"elementor elementor-18272\">\n\t\t\t\t\t\t<section class=\"elementor-section elementor-top-section elementor-element elementor-element-dde0d61 elementor-section-boxed elementor-section-height-default elementor-section-height-default\" data-id=\"dde0d61\" data-element_type=\"section\" data-settings=\"{&quot;background_background&quot;:&quot;classic&quot;}\">\n\t\t\t\t\t\t\t<div class=\"elementor-background-overlay\"><\/div>\n\t\t\t\t\t\t\t<div class=\"elementor-container elementor-column-gap-default\">\n\t\t\t\t\t<div class=\"elementor-column elementor-col-100 elementor-top-column elementor-element elementor-element-13ce57e\" data-id=\"13ce57e\" data-element_type=\"column\">\n\t\t\t<div class=\"elementor-widget-wrap elementor-element-populated\">\n\t\t\t\t\t\t<div class=\"elementor-element elementor-element-d3988e0 elementor-widget-mobile__width-initial elementor-widget elementor-widget-text-editor\" data-id=\"d3988e0\" data-element_type=\"widget\" data-widget_type=\"text-editor.default\">\n\t\t\t\t<div class=\"elementor-widget-container\">\n\t\t\t\t\t\t\t\t\t<h1>About LatinCoin Exchange<\/h1>\t\t\t\t\t\t\t\t<\/div>\n\t\t\t\t<\/div>\n\t\t\t\t<div class=\"elementor-element elementor-element-5bf3932 elementor-widget elementor-widget-text-editor\" data-id=\"5bf3932\" data-element_type=\"widget\" data-widget_type=\"text-editor.default\">\n\t\t\t\t<div class=\"elementor-widget-container\">\n\t\t\t\t\t\t\t\t\t<p style=\"text-align: left;\">In <strong>LatinCoin Exchange<\/strong>, we believe that cryptocurrencies are the future of finance and we want to make sure that Latin America is part of that technological revolution and innovation. We are an exchange platform designed specifically for our region, prioritizing simplicity, speed and security.<\/p><p style=\"text-align: left;\">Since our launch, we have been working to remove the barriers that prevent people from accessing the crypto world. We don't require complicated registrations or lengthy processes - here, exchanging your cryptocurrencies is as easy as 1, 2, 3.<\/p><p style=\"text-align: left;\">Join us on the path to a more inclusive financial future. LatinCoin Exchange is more than just a platform: it is your partner in the crypto world.<\/p>\t\t\t\t\t\t\t\t<\/div>\n\t\t\t\t<\/div>\n\t\t\t\t<div class=\"elementor-element elementor-element-58aeca7 elementor-widget elementor-widget-image\" data-id=\"58aeca7\" data-element_type=\"widget\" data-widget_type=\"image.default\">\n\t\t\t\t<div class=\"elementor-widget-container\">\n\t\t\t\t\t\t\t\t\t\t\t\t\t\t\t<img fetchpriority=\"high\" decoding=\"async\" width=\"1024\" height=\"585\" src=\"https:\/\/www.latincoinexchange.com\/wp-content\/uploads\/2024\/12\/DALL\u00b7E-2024-12-26-10.27.17-A-visually-appealing-horizontal-illustration-for-a-cryptocurrency-exchanges-About-Us-section.-The-image-features-a-futuristic-and-professional-desi-1024x585.webp\" class=\"attachment-large size-large wp-image-24626\" alt=\"Acerca de LatinCoin Exchange\" srcset=\"https:\/\/www.latincoinexchange.com\/wp-content\/uploads\/2024\/12\/DALL\u00b7E-2024-12-26-10.27.17-A-visually-appealing-horizontal-illustration-for-a-cryptocurrency-exchanges-About-Us-section.-The-image-features-a-futuristic-and-professional-desi-1024x585.webp 1024w, https:\/\/www.latincoinexchange.com\/wp-content\/uploads\/2024\/12\/DALL\u00b7E-2024-12-26-10.27.17-A-visually-appealing-horizontal-illustration-for-a-cryptocurrency-exchanges-About-Us-section.-The-image-features-a-futuristic-and-professional-desi-300x171.webp 300w, https:\/\/www.latincoinexchange.com\/wp-content\/uploads\/2024\/12\/DALL\u00b7E-2024-12-26-10.27.17-A-visually-appealing-horizontal-illustration-for-a-cryptocurrency-exchanges-About-Us-section.-The-image-features-a-futuristic-and-professional-desi-768x439.webp 768w, https:\/\/www.latincoinexchange.com\/wp-content\/uploads\/2024\/12\/DALL\u00b7E-2024-12-26-10.27.17-A-visually-appealing-horizontal-illustration-for-a-cryptocurrency-exchanges-About-Us-section.-The-image-features-a-futuristic-and-professional-desi-1536x878.webp 1536w, https:\/\/www.latincoinexchange.com\/wp-content\/uploads\/2024\/12\/DALL\u00b7E-2024-12-26-10.27.17-A-visually-appealing-horizontal-illustration-for-a-cryptocurrency-exchanges-About-Us-section.-The-image-features-a-futuristic-and-professional-desi.webp 1792w\" sizes=\"(max-width: 1024px) 100vw, 1024px\" \/>\t\t\t\t\t\t\t\t\t\t\t\t\t\t\t<\/div>\n\t\t\t\t<\/div>\n\t\t\t\t<section class=\"elementor-section elementor-inner-section elementor-element elementor-element-0e06930 elementor-section-boxed elementor-section-height-default elementor-section-height-default\" data-id=\"0e06930\" data-element_type=\"section\">\n\t\t\t\t\t\t<div class=\"elementor-container elementor-column-gap-no\">\n\t\t\t\t\t<div class=\"elementor-column elementor-col-100 elementor-inner-column elementor-element elementor-element-070ade0\" data-id=\"070ade0\" data-element_type=\"column\">\n\t\t\t<div class=\"elementor-widget-wrap elementor-element-populated\">\n\t\t\t\t\t\t<div class=\"elementor-element elementor-element-0b20246 elementor-widget elementor-widget-text-editor\" data-id=\"0b20246\" data-element_type=\"widget\" data-widget_type=\"text-editor.default\">\n\t\t\t\t<div class=\"elementor-widget-container\">\n\t\t\t\t\t\t\t\t\t<div class=\"elementor-element elementor-element-6d0755d elementor-widget elementor-widget-text-editor\" data-id=\"6d0755d\" data-element_type=\"widget\" data-widget_type=\"text-editor.default\"><h2><span style=\"color: #36bb91;\">Our mission<\/span><\/h2><\/div>\t\t\t\t\t\t\t\t<\/div>\n\t\t\t\t<\/div>\n\t\t\t\t<div class=\"elementor-element elementor-element-e080c24 elementor-widget elementor-widget-text-editor\" data-id=\"e080c24\" data-element_type=\"widget\" data-widget_type=\"text-editor.default\">\n\t\t\t\t<div class=\"elementor-widget-container\">\n\t\t\t\t\t\t\t\t\t<div class=\"elementor-element elementor-element-4f06ae1 elementor-widget elementor-widget-text-editor\" data-id=\"4f06ae1\" data-element_type=\"widget\" data-widget_type=\"text-editor.default\"><div class=\"elementor-widget-container\"><p><span style=\"color: #b8bbbf;\">Empowering Latin America through simple, fast and secure access to cryptocurrency exchange, promoting financial inclusion and connecting people to the future of the digital economy.<\/span><\/p><\/div><\/div>\t\t\t\t\t\t\t\t<\/div>\n\t\t\t\t<\/div>\n\t\t\t\t\t<\/div>\n\t\t<\/div>\n\t\t\t\t\t<\/div>\n\t\t<\/section>\n\t\t\t\t\t<\/div>\n\t\t<\/div>\n\t\t\t\t\t<\/div>\n\t\t<\/section>\n\t\t\t\t<\/div>","protected":false},"excerpt":{"rendered":"<p>Acerca de LatinCoin Exchange En LatinCoin Exchange, creemos que las criptomonedas son el futuro de las finanzas y queremos asegurarnos de que Am\u00e9rica Latina sea parte de esa revoluci\u00f3n e innovaci\u00f3n tecnol\u00f3gica. Somos una plataforma de intercambio dise\u00f1ada espec\u00edficamente para nuestra regi\u00f3n, priorizando la simplicidad, rapidez y seguridad. Desde nuestro lanzamiento, hemos trabajado para eliminar [&hellip;]<\/p>","protected":false},"author":1,"featured_media":0,"parent":0,"menu_order":0,"comment_status":"closed","ping_status":"closed","template":"page-templates\/template-full-width-page-without-header-title-white.php","meta":{"sfsi_plus_gutenberg_text_before_share":"","sfsi_plus_gutenberg_show_text_before_share":"","sfsi_plus_gutenberg_icon_type":"","sfsi_plus_gutenberg_icon_alignemt":"","sfsi_plus_gutenburg_max_per_row":"","footnotes":""},"class_list":["post-18272","page","type-page","status-publish","hentry"],"yoast_head":"<!-- This site is optimized with the Yoast SEO plugin v26.4 - https:\/\/yoast.com\/wordpress\/plugins\/seo\/ -->\n<title>Sobre Nosotros - LatinCoin Exchange: Intercambio de Criptomonedas en Am\u00e9rica Latina<\/title>\n<meta name=\"description\" content=\"Conoce LatinCoin Exchange: plataforma dise\u00f1ada para Am\u00e9rica Latina que ofrece intercambio de criptomonedas r\u00e1pido, seguro y sin registro.\" \/>\n<meta name=\"robots\" content=\"index, follow, max-snippet:-1, max-image-preview:large, max-video-preview:-1\" \/>\n<link rel=\"canonical\" href=\"https:\/\/www.latincoinexchange.com\/en\/sobre-nosotros\/\" \/>\n<meta property=\"og:locale\" content=\"en_US\" \/>\n<meta property=\"og:type\" content=\"article\" \/>\n<meta property=\"og:title\" content=\"Sobre Nosotros - LatinCoin Exchange: Intercambio de Criptomonedas en Am\u00e9rica Latina\" \/>\n<meta property=\"og:description\" content=\"Conoce LatinCoin Exchange: plataforma dise\u00f1ada para Am\u00e9rica Latina que ofrece intercambio de criptomonedas r\u00e1pido, seguro y sin registro.\" \/>\n<meta property=\"og:url\" content=\"https:\/\/www.latincoinexchange.com\/en\/sobre-nosotros\/\" \/>\n<meta property=\"og:site_name\" content=\"LatinCoin Exchange\" \/>\n<meta property=\"article:modified_time\" content=\"2024-12-31T16:29:30+00:00\" \/>\n<meta property=\"og:image\" content=\"https:\/\/www.latincoinexchange.com\/wp-content\/uploads\/2024\/12\/DALL\u00b7E-2024-12-26-10.27.17-A-visually-appealing-horizontal-illustration-for-a-cryptocurrency-exchanges-About-Us-section.-The-image-features-a-futuristic-and-professional-desi.webp\" \/>\n\t<meta property=\"og:image:width\" content=\"1792\" \/>\n\t<meta property=\"og:image:height\" content=\"1024\" \/>\n\t<meta property=\"og:image:type\" content=\"image\/webp\" \/>\n<meta name=\"twitter:card\" content=\"summary_large_image\" \/>\n<meta name=\"twitter:label1\" content=\"Est. reading time\" \/>\n\t<meta name=\"twitter:data1\" content=\"1 minute\" \/>\n<script type=\"application\/ld+json\" class=\"yoast-schema-graph\">{\"@context\":\"https:\/\/schema.org\",\"@graph\":[{\"@type\":\"WebPage\",\"@id\":\"https:\/\/www.latincoinexchange.com\/es\/sobre-nosotros\/\",\"url\":\"https:\/\/www.latincoinexchange.com\/es\/sobre-nosotros\/\",\"name\":\"Sobre Nosotros - LatinCoin Exchange: Intercambio de Criptomonedas en Am\u00e9rica Latina\",\"isPartOf\":{\"@id\":\"https:\/\/www.latincoinexchange.com\/#website\"},\"datePublished\":\"2022-03-25T15:13:57+00:00\",\"dateModified\":\"2024-12-31T16:29:30+00:00\",\"description\":\"Conoce LatinCoin Exchange: plataforma dise\u00f1ada para Am\u00e9rica Latina que ofrece intercambio de criptomonedas r\u00e1pido, seguro y sin registro.\",\"breadcrumb\":{\"@id\":\"https:\/\/www.latincoinexchange.com\/es\/sobre-nosotros\/#breadcrumb\"},\"inLanguage\":\"en-US\",\"potentialAction\":[{\"@type\":\"ReadAction\",\"target\":[\"https:\/\/www.latincoinexchange.com\/es\/sobre-nosotros\/\"]}]},{\"@type\":\"BreadcrumbList\",\"@id\":\"https:\/\/www.latincoinexchange.com\/es\/sobre-nosotros\/#breadcrumb\",\"itemListElement\":[{\"@type\":\"ListItem\",\"position\":1,\"name\":\"Portada\",\"item\":\"https:\/\/www.latincoinexchange.com\/es\/\"},{\"@type\":\"ListItem\",\"position\":2,\"name\":\"Sobre Nosotros\"}]},{\"@type\":\"WebSite\",\"@id\":\"https:\/\/www.latincoinexchange.com\/#website\",\"url\":\"https:\/\/www.latincoinexchange.com\/\",\"name\":\"LatinCoin Exchange\",\"description\":\"\",\"publisher\":{\"@id\":\"https:\/\/www.latincoinexchange.com\/#organization\"},\"potentialAction\":[{\"@type\":\"SearchAction\",\"target\":{\"@type\":\"EntryPoint\",\"urlTemplate\":\"https:\/\/www.latincoinexchange.com\/?s={search_term_string}\"},\"query-input\":{\"@type\":\"PropertyValueSpecification\",\"valueRequired\":true,\"valueName\":\"search_term_string\"}}],\"inLanguage\":\"en-US\"},{\"@type\":\"Organization\",\"@id\":\"https:\/\/www.latincoinexchange.com\/#organization\",\"name\":\"LatinCoin Exchange\",\"url\":\"https:\/\/www.latincoinexchange.com\/\",\"logo\":{\"@type\":\"ImageObject\",\"inLanguage\":\"en-US\",\"@id\":\"https:\/\/www.latincoinexchange.com\/#\/schema\/logo\/image\/\",\"url\":\"https:\/\/www.latincoinexchange.com\/wp-content\/uploads\/2024\/12\/logo-latincoin-e1734983216974.png\",\"contentUrl\":\"https:\/\/www.latincoinexchange.com\/wp-content\/uploads\/2024\/12\/logo-latincoin-e1734983216974.png\",\"width\":2200,\"height\":706,\"caption\":\"LatinCoin Exchange\"},\"image\":{\"@id\":\"https:\/\/www.latincoinexchange.com\/#\/schema\/logo\/image\/\"}}]}<\/script>\n<!-- \/ Yoast SEO plugin. -->","yoast_head_json":{"title":"Sobre Nosotros - LatinCoin Exchange: Intercambio de Criptomonedas en Am\u00e9rica Latina","description":"Conoce LatinCoin Exchange: plataforma dise\u00f1ada para Am\u00e9rica Latina que ofrece intercambio de criptomonedas r\u00e1pido, seguro y sin registro.","robots":{"index":"index","follow":"follow","max-snippet":"max-snippet:-1","max-image-preview":"max-image-preview:large","max-video-preview":"max-video-preview:-1"},"canonical":"https:\/\/www.latincoinexchange.com\/en\/sobre-nosotros\/","og_locale":"en_US","og_type":"article","og_title":"Sobre Nosotros - LatinCoin Exchange: Intercambio de Criptomonedas en Am\u00e9rica Latina","og_description":"Conoce LatinCoin Exchange: plataforma dise\u00f1ada para Am\u00e9rica Latina que ofrece intercambio de criptomonedas r\u00e1pido, seguro y sin registro.","og_url":"https:\/\/www.latincoinexchange.com\/en\/sobre-nosotros\/","og_site_name":"LatinCoin Exchange","article_modified_time":"2024-12-31T16:29:30+00:00","og_image":[{"width":1792,"height":1024,"url":"https:\/\/www.latincoinexchange.com\/wp-content\/uploads\/2024\/12\/DALL\u00b7E-2024-12-26-10.27.17-A-visually-appealing-horizontal-illustration-for-a-cryptocurrency-exchanges-About-Us-section.-The-image-features-a-futuristic-and-professional-desi.webp","type":"image\/webp"}],"twitter_card":"summary_large_image","twitter_misc":{"Est. reading time":"1 minute"},"schema":{"@context":"https:\/\/schema.org","@graph":[{"@type":"WebPage","@id":"https:\/\/www.latincoinexchange.com\/es\/sobre-nosotros\/","url":"https:\/\/www.latincoinexchange.com\/es\/sobre-nosotros\/","name":"Sobre Nosotros - LatinCoin Exchange: Intercambio de Criptomonedas en Am\u00e9rica Latina","isPartOf":{"@id":"https:\/\/www.latincoinexchange.com\/#website"},"datePublished":"2022-03-25T15:13:57+00:00","dateModified":"2024-12-31T16:29:30+00:00","description":"Conoce LatinCoin Exchange: plataforma dise\u00f1ada para Am\u00e9rica Latina que ofrece intercambio de criptomonedas r\u00e1pido, seguro y sin registro.","breadcrumb":{"@id":"https:\/\/www.latincoinexchange.com\/es\/sobre-nosotros\/#breadcrumb"},"inLanguage":"en-US","potentialAction":[{"@type":"ReadAction","target":["https:\/\/www.latincoinexchange.com\/es\/sobre-nosotros\/"]}]},{"@type":"BreadcrumbList","@id":"https:\/\/www.latincoinexchange.com\/es\/sobre-nosotros\/#breadcrumb","itemListElement":[{"@type":"ListItem","position":1,"name":"Portada","item":"https:\/\/www.latincoinexchange.com\/es\/"},{"@type":"ListItem","position":2,"name":"Sobre Nosotros"}]},{"@type":"WebSite","@id":"https:\/\/www.latincoinexchange.com\/#website","url":"https:\/\/www.latincoinexchange.com\/","name":"LatinCoin Exchange","description":"","publisher":{"@id":"https:\/\/www.latincoinexchange.com\/#organization"},"potentialAction":[{"@type":"SearchAction","target":{"@type":"EntryPoint","urlTemplate":"https:\/\/www.latincoinexchange.com\/?s={search_term_string}"},"query-input":{"@type":"PropertyValueSpecification","valueRequired":true,"valueName":"search_term_string"}}],"inLanguage":"en-US"},{"@type":"Organization","@id":"https:\/\/www.latincoinexchange.com\/#organization","name":"LatinCoin Exchange","url":"https:\/\/www.latincoinexchange.com\/","logo":{"@type":"ImageObject","inLanguage":"en-US","@id":"https:\/\/www.latincoinexchange.com\/#\/schema\/logo\/image\/","url":"https:\/\/www.latincoinexchange.com\/wp-content\/uploads\/2024\/12\/logo-latincoin-e1734983216974.png","contentUrl":"https:\/\/www.latincoinexchange.com\/wp-content\/uploads\/2024\/12\/logo-latincoin-e1734983216974.png","width":2200,"height":706,"caption":"LatinCoin Exchange"},"image":{"@id":"https:\/\/www.latincoinexchange.com\/#\/schema\/logo\/image\/"}}]}},"_links":{"self":[{"href":"https:\/\/www.latincoinexchange.com\/en\/wp-json\/wp\/v2\/pages\/18272","targetHints":{"allow":["GET"]}}],"collection":[{"href":"https:\/\/www.latincoinexchange.com\/en\/wp-json\/wp\/v2\/pages"}],"about":[{"href":"https:\/\/www.latincoinexchange.com\/en\/wp-json\/wp\/v2\/types\/page"}],"author":[{"embeddable":true,"href":"https:\/\/www.latincoinexchange.com\/en\/wp-json\/wp\/v2\/users\/1"}],"replies":[{"embeddable":true,"href":"https:\/\/www.latincoinexchange.com\/en\/wp-json\/wp\/v2\/comments?post=18272"}],"version-history":[{"count":17,"href":"https:\/\/www.latincoinexchange.com\/en\/wp-json\/wp\/v2\/pages\/18272\/revisions"}],"predecessor-version":[{"id":24746,"href":"https:\/\/www.latincoinexchange.com\/en\/wp-json\/wp\/v2\/pages\/18272\/revisions\/24746"}],"wp:attachment":[{"href":"https:\/\/www.latincoinexchange.com\/en\/wp-json\/wp\/v2\/media?parent=18272"}],"curies":[{"name":"wp","href":"https:\/\/api.w.org\/{rel}","templated":true}]}}